{"id":1918,"date":"2026-03-13T10:30:56","date_gmt":"2026-03-13T09:30:56","guid":{"rendered":"https:\/\/enamorojewels.hu\/?page_id=1918"},"modified":"2026-03-13T10:45:38","modified_gmt":"2026-03-13T09:45:38","slug":"impresszum","status":"publish","type":"page","link":"https:\/\/enamorojewels.hu\/en\/impresszum\/","title":{"rendered":"Legal Notice"},"content":{"rendered":"<div data-elementor-type=\"wp-page\" data-elementor-id=\"1918\" class=\"elementor elementor-1918\" data-elementor-post-type=\"page\">\n\t\t\t\t<div class=\"elementor-element elementor-element-89cdcea e-flex e-con-boxed e-con e-parent\" data-id=\"89cdcea\" data-element_type=\"container\" data-e-type=\"container\" data-settings=\"{&quot;background_background&quot;:&quot;classic&quot;}\">\n\t\t\t\t\t<div class=\"e-con-inner\">\n\t\t<div class=\"elementor-element elementor-element-b614831 e-con-full e-flex e-con e-child\" data-id=\"b614831\" data-element_type=\"container\" data-e-type=\"container\">\n\t\t\t\t<div class=\"elementor-element elementor-element-1b6d022 elementor-widget elementor-widget-heading\" data-id=\"1b6d022\" data-element_type=\"widget\" data-e-type=\"widget\" data-widget_type=\"heading.default\">\n\t\t\t\t\t<h1 class=\"elementor-heading-title elementor-size-default\">Legal Notice<\/h1>\t\t\t\t<\/div>\n\t\t\t\t<\/div>\n\t\t\t\t\t<\/div>\n\t\t\t\t<\/div>\n\t\t<div class=\"elementor-element elementor-element-f279a77 e-flex e-con-boxed e-con e-parent\" data-id=\"f279a77\" data-element_type=\"container\" data-e-type=\"container\">\n\t\t\t\t\t<div class=\"e-con-inner\">\n\t\t<div class=\"elementor-element elementor-element-d79fd05 e-con-full e-flex e-con e-child\" data-id=\"d79fd05\" data-element_type=\"container\" data-e-type=\"container\">\n\t\t\t\t<div class=\"elementor-element elementor-element-d5f18f7 elementor-widget elementor-widget-heading\" data-id=\"d5f18f7\" data-element_type=\"widget\" data-e-type=\"widget\" data-widget_type=\"heading.default\">\n\t\t\t\t\t<h2 class=\"elementor-heading-title elementor-size-default\">Operator Information<\/h2>\t\t\t\t<\/div>\n\t\t\t\t<div class=\"elementor-element elementor-element-02215e1 elementor-widget elementor-widget-text-editor\" data-id=\"02215e1\" data-element_type=\"widget\" data-e-type=\"widget\" data-widget_type=\"text-editor.default\">\n\t\t\t\t\t\t\t\t\t<p><strong>Operator:<\/strong> L\u00e1z\u00e1r Edina E.V.<br \/><strong>Headquarters: 2370 Dabas, Szent Istv\u00e1n \u00fat 16.\u00a0<\/strong><br \/><strong>Bank Account (HUF):<\/strong>11773054-00397360<br \/><strong>Registration Number:<\/strong> PE48358071<br \/><strong>Tax Number: <\/strong>48358071-1-33<br \/><strong>E-mail: <\/strong><a href=\"mailto:hello@enamorojewels.hu\">hello@enamorojewels.hu<\/a><br \/><strong>Phone: <\/strong><a href=\"tel:+36 20 223 2763\">+36 20 223 2763<\/a><\/p>\t\t\t\t\t\t\t\t<\/div>\n\t\t\t\t<\/div>\n\t\t<div class=\"elementor-element elementor-element-57c8a1d e-con-full e-flex e-con e-child\" data-id=\"57c8a1d\" data-element_type=\"container\" data-e-type=\"container\">\n\t\t\t\t<div class=\"elementor-element elementor-element-859e425 elementor-widget elementor-widget-heading\" data-id=\"859e425\" data-element_type=\"widget\" data-e-type=\"widget\" data-widget_type=\"heading.default\">\n\t\t\t\t\t<h2 class=\"elementor-heading-title elementor-size-default\">Hosting Provider Information\n<\/h2>\t\t\t\t<\/div>\n\t\t\t\t<div class=\"elementor-element elementor-element-327dc3e elementor-widget elementor-widget-text-editor\" data-id=\"327dc3e\" data-element_type=\"widget\" data-e-type=\"widget\" data-widget_type=\"text-editor.default\">\n\t\t\t\t\t\t\t\t\t<p><strong>Provider Name:<\/strong>\u00a0Sybell Informatika Kft.<br \/><strong>Provider Address:<\/strong>\u00a01138 Budapest, Tomori utca 34. 2. emelet<br \/><strong>Phone:<\/strong>\u00a0+36 1 707 67 27<br \/><strong>E-mail:<\/strong>\u00a0<a href=\"mailto:info@sybell.hu\">info@sybell.hu<\/a><br \/><strong>Website:<\/strong>\u00a0<a href=\"http:\/\/www.sybell.hu\/\">www.sybell.hu<\/a><\/p>\t\t\t\t\t\t\t\t<\/div>\n\t\t\t\t<\/div>\n\t\t\t\t\t<\/div>\n\t\t\t\t<\/div>\n\t\t\t\t<\/div>","protected":false},"excerpt":{"rendered":"<p>Impresszum \u00dczemeltet\u0151 adatai \u00dczemeltet\u0151: L\u00e1z\u00e1r Edina E.V.Sz\u00e9khely:2370 Dabas, Szent Istv\u00e1n \u00fat 16.\u00a0Banksz\u00e1mla (HUF):11773054-00397360Nyilv\u00e1ntart\u00e1si sz\u00e1m: PE48358071Ad\u00f3sz\u00e1m: 48358071-1-33E-mail c\u00edm: hello@enamorojewels.huTelefonsz\u00e1m: +36 20 223 2763 T\u00e1rhely szolg\u00e1ltat\u00f3 adatai Szolg\u00e1ltat\u00f3 neve:\u00a0Sybell Informatika Kft.Szolg\u00e1ltat\u00f3 c\u00edme:\u00a01138 Budapest, Tomori utca 34. 2. emeletTelefon:\u00a0+36 1 707 67 27E-mail:\u00a0info@sybell.huWeb:\u00a0www.sybell.hu<\/p>","protected":false},"author":1,"featured_media":0,"parent":0,"menu_order":0,"comment_status":"closed","ping_status":"closed","template":"","meta":{"_seopress_robots_primary_cat":"","_seopress_titles_title":"","_seopress_titles_desc":"","_seopress_robots_index":"","footnotes":""},"class_list":["post-1918","page","type-page","status-publish","hentry"],"_links":{"self":[{"href":"https:\/\/enamorojewels.hu\/en\/wp-json\/wp\/v2\/pages\/1918","targetHints":{"allow":["GET"]}}],"collection":[{"href":"https:\/\/enamorojewels.hu\/en\/wp-json\/wp\/v2\/pages"}],"about":[{"href":"https:\/\/enamorojewels.hu\/en\/wp-json\/wp\/v2\/types\/page"}],"author":[{"embeddable":true,"href":"https:\/\/enamorojewels.hu\/en\/wp-json\/wp\/v2\/users\/1"}],"replies":[{"embeddable":true,"href":"https:\/\/enamorojewels.hu\/en\/wp-json\/wp\/v2\/comments?post=1918"}],"version-history":[{"count":0,"href":"https:\/\/enamorojewels.hu\/en\/wp-json\/wp\/v2\/pages\/1918\/revisions"}],"wp:attachment":[{"href":"https:\/\/enamorojewels.hu\/en\/wp-json\/wp\/v2\/media?parent=1918"}],"curies":[{"name":"wp","href":"https:\/\/api.w.org\/{rel}","templated":true}]}}