{"id":439,"date":"2025-12-11T15:37:00","date_gmt":"2025-12-11T14:37:00","guid":{"rendered":"https:\/\/enamorojewels.hu\/termekvisszakuldes\/"},"modified":"2026-03-13T11:04:47","modified_gmt":"2026-03-13T10:04:47","slug":"termekvisszakuldes","status":"publish","type":"page","link":"https:\/\/enamorojewels.hu\/en\/termekvisszakuldes\/","title":{"rendered":"Returns"},"content":{"rendered":"\t\t<div data-elementor-type=\"wp-page\" data-elementor-id=\"439\" class=\"elementor elementor-439\" data-elementor-post-type=\"page\">\n\t\t\t\t<div class=\"elementor-element elementor-element-5e0f2a42 e-flex e-con-boxed e-con e-parent\" data-id=\"5e0f2a42\" data-element_type=\"container\" data-e-type=\"container\" data-settings=\"{&quot;background_background&quot;:&quot;classic&quot;}\">\n\t\t\t\t\t<div class=\"e-con-inner\">\n\t\t<div class=\"elementor-element elementor-element-7ea47a64 e-con-full e-flex e-con e-child\" data-id=\"7ea47a64\" data-element_type=\"container\" data-e-type=\"container\">\n\t\t\t\t<div class=\"elementor-element elementor-element-4aaebd70 elementor-widget elementor-widget-heading\" data-id=\"4aaebd70\" data-element_type=\"widget\" data-e-type=\"widget\" data-widget_type=\"heading.default\">\n\t\t\t\t\t<h1 class=\"elementor-heading-title elementor-size-default\">Term\u00e9kvisszak\u00fcld\u00e9s<\/h1>\t\t\t\t<\/div>\n\t\t\t\t<\/div>\n\t\t\t\t\t<\/div>\n\t\t\t\t<\/div>\n\t\t<div class=\"elementor-element elementor-element-30142094 e-flex e-con-boxed e-con e-parent\" data-id=\"30142094\" data-element_type=\"container\" data-e-type=\"container\">\n\t\t\t\t\t<div class=\"e-con-inner\">\n\t\t<div class=\"elementor-element elementor-element-5ff68a47 e-con-full e-flex e-con e-child\" data-id=\"5ff68a47\" data-element_type=\"container\" data-e-type=\"container\">\n\t\t\t\t<div class=\"elementor-element elementor-element-78c859b5 elementor-widget elementor-widget-heading\" data-id=\"78c859b5\" data-element_type=\"widget\" data-e-type=\"widget\" data-widget_type=\"heading.default\">\n\t\t\t\t\t<h2 class=\"elementor-heading-title elementor-size-default\">Visszak\u00fcld\u00e9s menete<\/h2>\t\t\t\t<\/div>\n\t\t\t\t<div class=\"elementor-element elementor-element-6ba7b39d elementor-widget elementor-widget-text-editor\" data-id=\"6ba7b39d\" data-element_type=\"widget\" data-e-type=\"widget\" data-widget_type=\"text-editor.default\">\n\t\t\t\t\t\t\t\t\t<p>1.\u00a0T\u00f6ltsd ki\u00a0az itt tal\u00e1lhat\u00f3 \u0171rlapunkat.<\/p><p>2. A megadott e-mail c\u00edmre egy automatikus \u00fczenetet k\u00fcld\u00fcnk,\u00a0amely tartalmazza a visszak\u00fcld\u00e9si c\u00edmet. Ha nem l\u00e1tn\u00e1d az \u00fczenetet p\u00e1r percen bel\u00fcl,\u00a0k\u00e9rj\u00fck a SPAM mapp\u00e1t is ellen\u0151rizd.<\/p><p>3. Miut\u00e1n a term\u00e9ket megkaptuk \u00e9s\u00a0meggy\u0151z\u0151dt\u00fcnk annak s\u00e9rtetlens\u00e9g\u00e9r\u0151l, 30 napon bel\u00fcl visszautaljuk a v\u00e9tel\u00e1rat.\u00a0<\/p><p>A term\u00e9k visszak\u00fcld\u00e9s\u00e9nek k\u00f6lts\u00e9g\u00e9nek k\u00edv\u00fcl az el\u00e1ll\u00e1s kapcs\u00e1n T\u00e9ged semmilyen m\u00e1s k\u00f6lts\u00e9g nem terhel.<\/p><p>Fontos tudnival\u00f3k a visszak\u00fcld\u00e9ssel kapcsolatban:<\/p><ul><li data-start=\"1180\" data-end=\"1258\"><p data-start=\"1182\" data-end=\"1258\">A visszak\u00fcld\u00f6tt term\u00e9k nem lehet viselt, s\u00e9r\u00fclt vagy hi\u00e1nyos \u00e1llapot\u00fa.<\/p><\/li><li data-start=\"1259\" data-end=\"1322\"><p data-start=\"1261\" data-end=\"1322\">A term\u00e9ket k\u00e9rj\u00fck eredeti csomagol\u00e1s\u00e1ban visszak\u00fcldeni.<\/p><\/li><li data-start=\"1323\" data-end=\"1451\"><p data-start=\"1325\" data-end=\"1451\">Egyedi megrendel\u00e9sre k\u00e9sz\u00fclt, szem\u00e9lyre szabott \u00e9kszerek eset\u00e9ben az el\u00e1ll\u00e1si jog a jogszab\u00e1ly alapj\u00e1n nem gyakorolhat\u00f3.<\/p><\/li><li data-start=\"1452\" data-end=\"1524\"><p data-start=\"1454\" data-end=\"1524\">Higi\u00e9niai okokb\u00f3l viselt f\u00fclbeval\u00f3t nem \u00e1ll m\u00f3dunkban visszavenni.<\/p><\/li><\/ul><p>B\u00e1rmilyen k\u00e9rd\u00e9s eset\u00e9n k\u00e9rj\u00fck \u00edrj az <a href=\"mailto:hello@enamorojewels.hu\">hello@enamorojewels.hu<\/a>\u00a0e-mail c\u00edmre.<\/p>\t\t\t\t\t\t\t\t<\/div>\n\t\t\t\t<\/div>\n\t\t<div class=\"elementor-element elementor-element-76c3859 e-con-full e-flex e-con e-child\" data-id=\"76c3859\" data-element_type=\"container\" data-e-type=\"container\">\n\t\t\t\t<div class=\"elementor-element elementor-element-778f2aa9 elementor-button-align-stretch elementor-widget elementor-widget-form\" data-id=\"778f2aa9\" data-element_type=\"widget\" data-e-type=\"widget\" data-settings=\"{&quot;step_next_label&quot;:&quot;K\\u00f6vetkez\\u0151&quot;,&quot;step_previous_label&quot;:&quot;El\\u0151z\\u0151&quot;,&quot;step_type&quot;:&quot;none&quot;,&quot;button_width&quot;:&quot;100&quot;,&quot;step_icon_shape&quot;:&quot;circle&quot;}\" data-widget_type=\"form.default\">\n\t\t\t\t\t\t\t<form class=\"elementor-form\" method=\"post\" name=\"Term\u00e9kvisszak\u00fcld\u00e9s\" aria-label=\"Term\u00e9kvisszak\u00fcld\u00e9s\">\n\t\t\t<input type=\"hidden\" name=\"post_id\" value=\"439\"\/>\n\t\t\t<input type=\"hidden\" name=\"form_id\" value=\"778f2aa9\"\/>\n\t\t\t<input type=\"hidden\" name=\"referer_title\" value=\"Term\u00e9kvisszak\u00fcld\u00e9s\" \/>\n\n\t\t\t\t\t\t\t<input type=\"hidden\" name=\"queried_id\" value=\"439\"\/>\n\t\t\t\n\t\t\t<div class=\"elementor-form-fields-wrapper elementor-labels-above\">\n\t\t\t\t\t\t\t\t<div class=\"elementor-field-type-text elementor-field-group elementor-column elementor-field-group-teljes_nev elementor-col-50 elementor-field-required elementor-mark-required\">\n\t\t\t\t\t\t\t\t\t\t\t\t<label for=\"form-field-teljes_nev\" class=\"elementor-field-label\">\n\t\t\t\t\t\t\t\tTeljes n\u00e9v\t\t\t\t\t\t\t<\/label>\n\t\t\t\t\t\t\t\t\t\t\t\t\t\t<input size=\"1\" type=\"text\" name=\"form_fields[teljes_nev]\" id=\"form-field-teljes_nev\" class=\"elementor-field elementor-size-md  elementor-field-textual\" placeholder=\"Teljes n\u00e9v\" required=\"required\">\n\t\t\t\t\t\t\t\t\t\t\t<\/div>\n\t\t\t\t\t\t\t\t<div class=\"elementor-field-type-email elementor-field-group elementor-column elementor-field-group-email elementor-col-50 elementor-field-required elementor-mark-required\">\n\t\t\t\t\t\t\t\t\t\t\t\t<label for=\"form-field-email\" class=\"elementor-field-label\">\n\t\t\t\t\t\t\t\tE-mail c\u00edm\t\t\t\t\t\t\t<\/label>\n\t\t\t\t\t\t\t\t\t\t\t\t\t\t<input size=\"1\" type=\"email\" name=\"form_fields[email]\" id=\"form-field-email\" class=\"elementor-field elementor-size-md  elementor-field-textual\" placeholder=\"E-mail c\u00edm\" required=\"required\">\n\t\t\t\t\t\t\t\t\t\t\t<\/div>\n\t\t\t\t\t\t\t\t<div class=\"elementor-field-type-text elementor-field-group elementor-column elementor-field-group-rendelesi_azonosito elementor-col-50\">\n\t\t\t\t\t\t\t\t\t\t\t\t<label for=\"form-field-rendelesi_azonosito\" class=\"elementor-field-label\">\n\t\t\t\t\t\t\t\tRendel\u00e9si azonos\u00edt\u00f3\t\t\t\t\t\t\t<\/label>\n\t\t\t\t\t\t\t\t\t\t\t\t\t\t<input size=\"1\" type=\"text\" name=\"form_fields[rendelesi_azonosito]\" id=\"form-field-rendelesi_azonosito\" class=\"elementor-field elementor-size-md  elementor-field-textual\" placeholder=\"Rendel\u00e9si azonos\u00edt\u00f3\">\n\t\t\t\t\t\t\t\t\t\t\t<\/div>\n\t\t\t\t\t\t\t\t<div class=\"elementor-field-type-text elementor-field-group elementor-column elementor-field-group-telefonszam elementor-col-50\">\n\t\t\t\t\t\t\t\t\t\t\t\t<label for=\"form-field-telefonszam\" class=\"elementor-field-label\">\n\t\t\t\t\t\t\t\tTelefonsz\u00e1m\t\t\t\t\t\t\t<\/label>\n\t\t\t\t\t\t\t\t\t\t\t\t\t\t<input size=\"1\" type=\"text\" name=\"form_fields[telefonszam]\" id=\"form-field-telefonszam\" class=\"elementor-field elementor-size-md  elementor-field-textual\" placeholder=\"+36701234567\">\n\t\t\t\t\t\t\t\t\t\t\t<\/div>\n\t\t\t\t\t\t\t\t<div class=\"elementor-field-type-text elementor-field-group elementor-column elementor-field-group-bankszamlaszam elementor-col-100 elementor-field-required elementor-mark-required\">\n\t\t\t\t\t\t\t\t\t\t\t\t<label for=\"form-field-bankszamlaszam\" class=\"elementor-field-label\">\n\t\t\t\t\t\t\t\tBanksz\u00e1mlasz\u00e1mod\t\t\t\t\t\t\t<\/label>\n\t\t\t\t\t\t\t\t\t\t\t\t\t\t<input size=\"1\" type=\"text\" name=\"form_fields[bankszamlaszam]\" id=\"form-field-bankszamlaszam\" class=\"elementor-field elementor-size-md  elementor-field-textual\" placeholder=\"Ide fogjuk utalni a visszat\u00e9r\u00edt\u00e9st.\" required=\"required\">\n\t\t\t\t\t\t\t\t\t\t\t<\/div>\n\t\t\t\t\t\t\t\t<div class=\"elementor-field-type-text elementor-field-group elementor-column elementor-field-group-kedvezmenyezett_neve elementor-col-100 elementor-field-required elementor-mark-required\">\n\t\t\t\t\t\t\t\t\t\t\t\t<label for=\"form-field-kedvezmenyezett_neve\" class=\"elementor-field-label\">\n\t\t\t\t\t\t\t\tKedvezm\u00e9nyezett neve\t\t\t\t\t\t\t<\/label>\n\t\t\t\t\t\t\t\t\t\t\t\t\t\t<input size=\"1\" type=\"text\" name=\"form_fields[kedvezmenyezett_neve]\" id=\"form-field-kedvezmenyezett_neve\" class=\"elementor-field elementor-size-md  elementor-field-textual\" placeholder=\"A banksz\u00e1mlasz\u00e1m tulajdonos\u00e1nak neve.\" required=\"required\">\n\t\t\t\t\t\t\t\t\t\t\t<\/div>\n\t\t\t\t\t\t\t\t<div class=\"elementor-field-type-textarea elementor-field-group elementor-column elementor-field-group-megjegyzes elementor-col-100\">\n\t\t\t\t\t\t\t\t\t\t\t\t<label for=\"form-field-megjegyzes\" class=\"elementor-field-label\">\n\t\t\t\t\t\t\t\tMilyen okb\u00f3l szeretn\u00e9d visszak\u00fcldeni a term\u00e9ket? Egy\u00e9b megjegyz\u00e9s.\t\t\t\t\t\t\t<\/label>\n\t\t\t\t\t\t<textarea class=\"elementor-field-textual elementor-field  elementor-size-md\" name=\"form_fields[megjegyzes]\" id=\"form-field-megjegyzes\" rows=\"4\" placeholder=\"Megjegyz\u00e9s\"><\/textarea>\t\t\t\t<\/div>\n\t\t\t\t\t\t\t\t<div class=\"elementor-field-type-acceptance elementor-field-group elementor-column elementor-field-group-field_6397760 elementor-col-100 elementor-field-required elementor-mark-required\">\n\t\t\t\t\t\t\t<div class=\"elementor-field-subgroup\">\n\t\t\t<span class=\"elementor-field-option\">\n\t\t\t\t<input type=\"checkbox\" name=\"form_fields[field_6397760]\" id=\"form-field-field_6397760\" class=\"elementor-field elementor-size-md  elementor-acceptance-field\" required=\"required\">\n\t\t\t\t<label for=\"form-field-field_6397760\">Elolvastam \u00e9s elfogadom az <a href=\"\/adatkezelesi-tajekoztato\" target=\"_blank\">adatkezel\u00e9si t\u00e1j\u00e9koztat\u00f3t.<\/a><\/label>\t\t\t<\/span>\n\t\t<\/div>\n\t\t\t\t\t\t<\/div>\n\t\t\t\t\t\t\t\t<div class=\"elementor-field-group elementor-column elementor-field-type-submit elementor-col-100 e-form__buttons\">\n\t\t\t\t\t<button class=\"elementor-button elementor-size-sm\" type=\"submit\">\n\t\t\t\t\t\t<span class=\"elementor-button-content-wrapper\">\n\t\t\t\t\t\t\t\t\t\t\t\t\t\t\t\t\t\t\t\t\t\t<span class=\"elementor-button-text\">K\u00fcld\u00e9s<\/span>\n\t\t\t\t\t\t\t\t\t\t\t\t\t<\/span>\n\t\t\t\t\t<\/button>\n\t\t\t\t<\/div>\n\t\t\t<\/div>\n\t\t<\/form>\n\t\t\t\t\t\t<\/div>\n\t\t\t\t<\/div>\n\t\t\t\t\t<\/div>\n\t\t\t\t<\/div>\n\t\t\t\t<\/div>\n\t\t","protected":false},"excerpt":{"rendered":"<p>Term\u00e9kvisszak\u00fcld\u00e9s Visszak\u00fcld\u00e9s menete 1.\u00a0T\u00f6ltsd ki\u00a0az itt tal\u00e1lhat\u00f3 \u0171rlapunkat. 2. A megadott e-mail c\u00edmre egy automatikus \u00fczenetet k\u00fcld\u00fcnk,\u00a0amely tartalmazza a visszak\u00fcld\u00e9si c\u00edmet. Ha nem l\u00e1tn\u00e1d az \u00fczenetet p\u00e1r percen bel\u00fcl,\u00a0k\u00e9rj\u00fck a SPAM mapp\u00e1t is ellen\u0151rizd. 3. Miut\u00e1n a term\u00e9ket megkaptuk \u00e9s\u00a0meggy\u0151z\u0151dt\u00fcnk annak s\u00e9rtetlens\u00e9g\u00e9r\u0151l, 30 napon bel\u00fcl visszautaljuk a v\u00e9tel\u00e1rat.\u00a0 A term\u00e9k visszak\u00fcld\u00e9s\u00e9nek k\u00f6lts\u00e9g\u00e9nek k\u00edv\u00fcl az el\u00e1ll\u00e1s [&hellip;]<\/p>\n","protected":false},"author":1,"featured_media":0,"parent":0,"menu_order":0,"comment_status":"closed","ping_status":"closed","template":"","meta":{"_seopress_robots_primary_cat":"","_seopress_titles_title":"Visszak\u00fcld\u00e9si felt\u00e9telek - Enamoro jewels","_seopress_titles_desc":"Term\u00e9kvisszak\u00fcld\u00e9s \u00e9s el\u00e1ll\u00e1si inform\u00e1ci\u00f3k az Enamoro Jewels webshopban. R\u00e9szletes \u00fatmutat\u00f3 a visszak\u00fcld\u00e9si folyamatr\u00f3l \u00e9s hat\u00e1rid\u0151kr\u0151l.","_seopress_robots_index":"","footnotes":""},"class_list":["post-439","page","type-page","status-publish","hentry"],"_links":{"self":[{"href":"https:\/\/enamorojewels.hu\/en\/wp-json\/wp\/v2\/pages\/439","targetHints":{"allow":["GET"]}}],"collection":[{"href":"https:\/\/enamorojewels.hu\/en\/wp-json\/wp\/v2\/pages"}],"about":[{"href":"https:\/\/enamorojewels.hu\/en\/wp-json\/wp\/v2\/types\/page"}],"author":[{"embeddable":true,"href":"https:\/\/enamorojewels.hu\/en\/wp-json\/wp\/v2\/users\/1"}],"replies":[{"embeddable":true,"href":"https:\/\/enamorojewels.hu\/en\/wp-json\/wp\/v2\/comments?post=439"}],"version-history":[{"count":0,"href":"https:\/\/enamorojewels.hu\/en\/wp-json\/wp\/v2\/pages\/439\/revisions"}],"wp:attachment":[{"href":"https:\/\/enamorojewels.hu\/en\/wp-json\/wp\/v2\/media?parent=439"}],"curies":[{"name":"wp","href":"https:\/\/api.w.org\/{rel}","templated":true}]}}