{"id":442,"date":"2025-12-11T15:37:00","date_gmt":"2025-12-11T14:37:00","guid":{"rendered":"https:\/\/enamorojewels.hu\/szallitasi-es-fizetesi-feltetelek\/"},"modified":"2026-03-13T10:54:32","modified_gmt":"2026-03-13T09:54:32","slug":"szallitasi-es-fizetesi-feltetelek","status":"publish","type":"page","link":"https:\/\/enamorojewels.hu\/en\/szallitasi-es-fizetesi-feltetelek\/","title":{"rendered":"Shipping &amp; Payment"},"content":{"rendered":"<div data-elementor-type=\"wp-page\" data-elementor-id=\"442\" class=\"elementor elementor-442\" data-elementor-post-type=\"page\">\n\t\t\t\t<div class=\"elementor-element elementor-element-649a8690 e-flex e-con-boxed e-con e-parent\" data-id=\"649a8690\" data-element_type=\"container\" data-e-type=\"container\" data-settings=\"{&quot;background_background&quot;:&quot;classic&quot;}\">\n\t\t\t\t\t<div class=\"e-con-inner\">\n\t\t<div class=\"elementor-element elementor-element-2b7a536c e-con-full e-flex e-con e-child\" data-id=\"2b7a536c\" data-element_type=\"container\" data-e-type=\"container\">\n\t\t\t\t<div class=\"elementor-element elementor-element-471e9f75 elementor-widget elementor-widget-heading\" data-id=\"471e9f75\" data-element_type=\"widget\" data-e-type=\"widget\" data-widget_type=\"heading.default\">\n\t\t\t\t\t<h1 class=\"elementor-heading-title elementor-size-default\">Shipping &amp; Payment<\/h1>\t\t\t\t<\/div>\n\t\t\t\t<\/div>\n\t\t\t\t\t<\/div>\n\t\t\t\t<\/div>\n\t\t<div class=\"elementor-element elementor-element-6f0b810 e-flex e-con-boxed e-con e-parent\" data-id=\"6f0b810\" data-element_type=\"container\" data-e-type=\"container\">\n\t\t\t\t\t<div class=\"e-con-inner\">\n\t\t<div class=\"elementor-element elementor-element-f282512 e-con-full e-flex e-con e-child\" data-id=\"f282512\" data-element_type=\"container\" data-e-type=\"container\">\n\t\t\t\t<div class=\"elementor-element elementor-element-07514cf elementor-widget elementor-widget-heading\" data-id=\"07514cf\" data-element_type=\"widget\" data-e-type=\"widget\" data-widget_type=\"heading.default\">\n\t\t\t\t\t<h2 class=\"elementor-heading-title elementor-size-default\">Shipping terms<\/h2>\t\t\t\t<\/div>\n\t\t\t\t<div class=\"elementor-element elementor-element-46ef055 elementor-widget elementor-widget-text-editor\" data-id=\"46ef055\" data-element_type=\"widget\" data-e-type=\"widget\" data-widget_type=\"text-editor.default\">\n\t\t\t\t\t\t\t\t\t<div class=\"elementor-element elementor-element-67fadd8e e-con-full e-flex e-con e-child\" data-id=\"67fadd8e\" data-element_type=\"container\" data-e-type=\"container\"><div class=\"elementor-element elementor-element-3e3f2d3e elementor-widget elementor-widget-text-editor\" data-id=\"3e3f2d3e\" data-element_type=\"widget\" data-e-type=\"widget\" data-widget_type=\"text-editor.default\"><p>Website:\u00a0<strong>enamorojewels.hu<\/strong><br \/>Email: <strong>hello@enamorojewels.hu<\/strong><\/p><div class=\"elementor-element elementor-element-3bdbacf e-con-full e-flex e-con e-child\" data-id=\"3bdbacf\" data-element_type=\"container\"><div class=\"elementor-element elementor-element-402af613 elementor-widget elementor-widget-text-editor\" data-id=\"402af613\" data-element_type=\"widget\" data-widget_type=\"text-editor.default\"><div class=\"elementor-widget-container\"><p>After placing your order, you\u2019ll receive an automatic confirmation email at the address provided. Your order will be fulfilled according to the shipping method selected at checkout.<\/p><p>You can choose delivery to a parcel locker or home delivery. Your parcel is expected to arrive within\u00a0<strong>1\u20133 business days<\/strong>\u00a0after dispatch.<\/p><p><strong>Shipping fees:<\/strong><br \/>Parcel locker (Foxpost, Packeta, MPL): 2.490 Ft<br \/>Home delivery (Foxpost, MPL): 3.490 Ft<\/p><p>The exact shipping cost is shown in the webshop during checkout.<\/p><\/div><\/div><\/div><\/div><\/div>\t\t\t\t\t\t\t\t<\/div>\n\t\t\t\t<\/div>\n\t\t<div class=\"elementor-element elementor-element-b70f1ee e-con-full e-flex e-con e-child\" data-id=\"b70f1ee\" data-element_type=\"container\" data-e-type=\"container\">\n\t\t\t\t<div class=\"elementor-element elementor-element-c4d06a5 elementor-widget elementor-widget-heading\" data-id=\"c4d06a5\" data-element_type=\"widget\" data-e-type=\"widget\" data-widget_type=\"heading.default\">\n\t\t\t\t\t<h2 class=\"elementor-heading-title elementor-size-default\">Payment terms<\/h2>\t\t\t\t<\/div>\n\t\t\t\t<div class=\"elementor-element elementor-element-0b27f9f elementor-widget elementor-widget-text-editor\" data-id=\"0b27f9f\" data-element_type=\"widget\" data-e-type=\"widget\" data-widget_type=\"text-editor.default\">\n\t\t\t\t\t\t\t\t\t<p><strong>How to place an order:<\/strong><\/p><p>You can proceed to payment after adding the selected product to your cart.\u00a0<\/p><p><strong>You\u2019ll receive the order confirmation and invoice by email.<\/strong>\u00a0<strong>Payment is available by online card or bank transfer, cash on delivery is not currently available.<\/strong><\/p><p>After payment is completed, in-stock items are dispatched within 1\u20134 business days.<\/p><p><strong>Online card payment (via Stripe)<\/strong><\/p><p>The security of card payments is handled by Stripe, a PCI Level 1 certified payment provider. Your card details are sent directly to Stripe \u2014 the shop never sees, stores or has access to them.<\/p><p>You don\u2019t need to register to pay by card. Simply enter your card number, expiry date and the CVC code on the back.<\/p><p>You can pay with:<\/p><ul><li>Mastercard or Maestro<\/li><li>Visa<\/li><li>American Express<\/li><\/ul><p>\u00a0<\/p><p>There is no extra fee for card payments.<\/p><p>More information:\u00a0<a href=\"https:\/\/stripe.com\/\">https:\/\/stripe.com\/<\/a><\/p><p><strong>Bank Transfer<\/strong><\/p><p>How to pay:<\/p><div class=\"payment_box payment_method_bacs\"><p>Please transfer the amount to the following bank account (L\u00e1z\u00e1r Edina \u2013 11773054-00397360) and don\u2019t forget to include your order number in the payment reference so we can identify your payment. Your order will be processed once the payment has been received.<\/p><\/div>\t\t\t\t\t\t\t\t<\/div>\n\t\t\t\t<div class=\"elementor-element elementor-element-0390887 elementor-widget elementor-widget-text-editor\" data-id=\"0390887\" data-element_type=\"widget\" data-e-type=\"widget\" data-widget_type=\"text-editor.default\">\n\t\t\t\t\t\t\t\t\t<p>Budapest, 2026.02.26.<\/p>\t\t\t\t\t\t\t\t<\/div>\n\t\t\t\t<\/div>\n\t\t\t\t\t<\/div>\n\t\t\t\t<\/div>\n\t\t\t\t<\/div>","protected":false},"excerpt":{"rendered":"<p>Sz\u00e1ll\u00edt\u00e1si \u00e9s fizet\u00e9si felt\u00e9telek Sz\u00e1ll\u00edt\u00e1si felt\u00e9telek Weboldal:\u00a0enamorojewels.huEmail: hello@enamorojewels.hu A megrendel\u00e9s lead\u00e1s\u00e1t k\u00f6vet\u0151en automatikus visszaigazol\u00f3 e-mail \u00e9rkezik a megadott c\u00edmre. A megrendel\u00e9s teljes\u00edt\u00e9se a v\u00e1s\u00e1rl\u00e1s sor\u00e1n kiv\u00e1lasztott sz\u00e1ll\u00edt\u00e1si m\u00f3d szerint t\u00f6rt\u00e9nik. A term\u00e9keket k\u00e9rheted automat\u00e1ba vagy h\u00e1zhoz is. A felad\u00e1st\u00f3l sz\u00e1m\u00edtott\u00a01-3 munkanapon bel\u00fcl\u00a0v\u00e1rhat\u00f3an meg\u00e9rkezik a csomag. A term\u00e9kek sz\u00e1ll\u00edt\u00e1si d\u00edja:Csomagautomat\u00e1ba (Foxpost, Packeta, MPL): 2.490 FtH\u00e1zhoz sz\u00e1ll\u00edt\u00e1ssal [&hellip;]<\/p>\n","protected":false},"author":1,"featured_media":0,"parent":0,"menu_order":0,"comment_status":"closed","ping_status":"closed","template":"","meta":{"_seopress_robots_primary_cat":"","_seopress_titles_title":"Sz\u00e1ll\u00edt\u00e1si \u00e9s fizet\u00e9si felt\u00e9telek - Enamoro jewels","_seopress_titles_desc":"Ismerd meg az Enamoro Jewels webshop sz\u00e1ll\u00edt\u00e1si m\u00f3djait, fizet\u00e9si lehet\u0151s\u00e9geit \u00e9s rendel\u00e9si felt\u00e9teleit.","_seopress_robots_index":"","footnotes":""},"class_list":["post-442","page","type-page","status-publish","hentry"],"_links":{"self":[{"href":"https:\/\/enamorojewels.hu\/en\/wp-json\/wp\/v2\/pages\/442","targetHints":{"allow":["GET"]}}],"collection":[{"href":"https:\/\/enamorojewels.hu\/en\/wp-json\/wp\/v2\/pages"}],"about":[{"href":"https:\/\/enamorojewels.hu\/en\/wp-json\/wp\/v2\/types\/page"}],"author":[{"embeddable":true,"href":"https:\/\/enamorojewels.hu\/en\/wp-json\/wp\/v2\/users\/1"}],"replies":[{"embeddable":true,"href":"https:\/\/enamorojewels.hu\/en\/wp-json\/wp\/v2\/comments?post=442"}],"version-history":[{"count":0,"href":"https:\/\/enamorojewels.hu\/en\/wp-json\/wp\/v2\/pages\/442\/revisions"}],"wp:attachment":[{"href":"https:\/\/enamorojewels.hu\/en\/wp-json\/wp\/v2\/media?parent=442"}],"curies":[{"name":"wp","href":"https:\/\/api.w.org\/{rel}","templated":true}]}}