{"id":788,"date":"2026-01-13T20:43:17","date_gmt":"2026-01-13T19:43:17","guid":{"rendered":"https:\/\/enamorojewels.hu\/?page_id=788"},"modified":"2026-03-24T17:31:27","modified_gmt":"2026-03-24T16:31:27","slug":"a-brand","status":"publish","type":"page","link":"https:\/\/enamorojewels.hu\/en\/a-brand\/","title":{"rendered":"About"},"content":{"rendered":"<div data-elementor-type=\"wp-page\" data-elementor-id=\"788\" class=\"elementor elementor-788\" data-elementor-post-type=\"page\">\n\t\t\t\t<div class=\"elementor-element elementor-element-6a82c1f e-flex e-con-boxed e-con e-parent\" data-id=\"6a82c1f\" data-element_type=\"container\" data-e-type=\"container\" data-settings=\"{&quot;background_background&quot;:&quot;classic&quot;}\">\n\t\t\t\t\t<div class=\"e-con-inner\">\n\t\t\t\t<div class=\"elementor-element elementor-element-a6ed74e elementor-widget__width-initial elementor-widget elementor-widget-heading\" data-id=\"a6ed74e\" data-element_type=\"widget\" data-e-type=\"widget\" data-widget_type=\"heading.default\">\n\t\t\t\t\t<h2 class=\"elementor-heading-title elementor-size-default\">About<\/h2>\t\t\t\t<\/div>\n\t\t\t\t<div class=\"elementor-element elementor-element-efe5e95 elementor-widget__width-initial elementor-widget elementor-widget-text-editor\" data-id=\"efe5e95\" data-element_type=\"widget\" data-e-type=\"widget\" data-widget_type=\"text-editor.default\">\n\t\t\t\t\t\t\t\t\t<p>Enamoro Jewels are more than just accessories \u2014 they carry stories, express emotions and hold memories.<\/p><p>My goal is for every customer to feel the same thing when they find their piece:\n\u201cThis jewelry feels like me.\u201d<\/p>\t\t\t\t\t\t\t\t<\/div>\n\t\t\t\t\t<\/div>\n\t\t\t\t<\/div>\n\t\t<div class=\"elementor-element elementor-element-7c35e13 e-flex e-con-boxed e-con e-parent\" data-id=\"7c35e13\" data-element_type=\"container\" data-e-type=\"container\" data-settings=\"{&quot;background_background&quot;:&quot;classic&quot;}\">\n\t\t\t\t\t<div class=\"e-con-inner\">\n\t\t<div class=\"elementor-element elementor-element-f3a88ae e-con-full e-flex e-con e-child\" data-id=\"f3a88ae\" data-element_type=\"container\" data-e-type=\"container\">\n\t\t\t\t<div class=\"elementor-element elementor-element-ad6d9b0 elementor-widget elementor-widget-heading\" data-id=\"ad6d9b0\" data-element_type=\"widget\" data-e-type=\"widget\" data-widget_type=\"heading.default\">\n\t\t\t\t\t<h3 class=\"elementor-heading-title elementor-size-default\">The Beginning<\/h3>\t\t\t\t<\/div>\n\t\t\t\t<div class=\"elementor-element elementor-element-cdeaf3b elementor-widget elementor-widget-heading\" data-id=\"cdeaf3b\" data-element_type=\"widget\" data-e-type=\"widget\" data-widget_type=\"heading.default\">\n\t\t\t\t\t<h2 class=\"elementor-heading-title elementor-size-default\">When I Fell in Love<\/h2>\t\t\t\t<\/div>\n\t\t\t\t<div class=\"elementor-element elementor-element-d2796df elementor-widget__width-initial elementor-widget elementor-widget-text-editor\" data-id=\"d2796df\" data-element_type=\"widget\" data-e-type=\"widget\" data-widget_type=\"text-editor.default\">\n\t\t\t\t\t\t\t\t\t<p>Enamoro Jewels is a jewelry brand that captures the very moment when you feel an instant, deep, and instinctive attraction to something. \u2728<\/p><p>Inspired by the Spanish word \u201cenamorar\u201d \u2014 meaning \u201cto fall in love\u201d \u2014 the brand was created to help you fall in love with the unique piece of jewelry you choose for yourself.<\/p>\t\t\t\t\t\t\t\t<\/div>\n\t\t\t\t<\/div>\n\t\t<div class=\"elementor-element elementor-element-8be6790 e-con-full e-flex e-con e-child\" data-id=\"8be6790\" data-element_type=\"container\" data-e-type=\"container\">\n\t\t\t\t<div class=\"elementor-element elementor-element-767879b elementor-widget__width-initial elementor-widget elementor-widget-image\" data-id=\"767879b\" data-element_type=\"widget\" data-e-type=\"widget\" data-widget_type=\"image.default\">\n\t\t\t\t\t\t\t\t\t\t\t\t\t\t\t<img fetchpriority=\"high\" decoding=\"async\" width=\"800\" height=\"534\" src=\"https:\/\/enamorojewels.hu\/wp-content\/uploads\/2026\/03\/enamoro-pillanatok-1-1024x684.png\" class=\"attachment-large size-large wp-image-2007\" alt=\"Enamoro pillanatok\" srcset=\"https:\/\/enamorojewels.hu\/wp-content\/uploads\/2026\/03\/enamoro-pillanatok-1-1024x684.png 1024w, https:\/\/enamorojewels.hu\/wp-content\/uploads\/2026\/03\/enamoro-pillanatok-1-700x467.png 700w, https:\/\/enamorojewels.hu\/wp-content\/uploads\/2026\/03\/enamoro-pillanatok-1-768x513.png 768w, https:\/\/enamorojewels.hu\/wp-content\/uploads\/2026\/03\/enamoro-pillanatok-1-18x12.png 18w, https:\/\/enamorojewels.hu\/wp-content\/uploads\/2026\/03\/enamoro-pillanatok-1.png 1080w\" sizes=\"(max-width: 800px) 100vw, 800px\" \/>\t\t\t\t\t\t\t\t\t\t\t\t\t\t\t<\/div>\n\t\t\t\t<\/div>\n\t\t\t\t\t<\/div>\n\t\t\t\t<\/div>\n\t\t<div class=\"elementor-element elementor-element-b402f16 e-flex e-con-boxed e-con e-parent\" data-id=\"b402f16\" data-element_type=\"container\" data-e-type=\"container\" data-settings=\"{&quot;background_background&quot;:&quot;classic&quot;}\">\n\t\t\t\t\t<div class=\"e-con-inner\">\n\t\t<div class=\"elementor-element elementor-element-9dd825f e-con-full e-flex e-con e-child\" data-id=\"9dd825f\" data-element_type=\"container\" data-e-type=\"container\">\n\t\t\t\t<div class=\"elementor-element elementor-element-8db28c4 elementor-widget elementor-widget-heading\" data-id=\"8db28c4\" data-element_type=\"widget\" data-e-type=\"widget\" data-widget_type=\"heading.default\">\n\t\t\t\t\t<h2 class=\"elementor-heading-title elementor-size-default\">Handcrafted Stories<\/h2>\t\t\t\t<\/div>\n\t\t\t\t<div class=\"elementor-element elementor-element-b595881 elementor-widget__width-initial elementor-widget elementor-widget-text-editor\" data-id=\"b595881\" data-element_type=\"widget\" data-e-type=\"widget\" data-widget_type=\"text-editor.default\">\n\t\t\t\t\t\t\t\t\t<p>Every Enamoro Jewels piece tells a small story. Most of the jewelry is handmade using carefully selected semi-precious stones, beads, and freshwater pearls \u2014 which means no two pieces are ever exactly the same.<\/p><p>The stainless steel elements used in the jewelry are hypoallergenic, water-resistant, highly durable, and resistant to discoloration, ensuring that each piece is not only special but made to last.<\/p>\t\t\t\t\t\t\t\t<\/div>\n\t\t\t\t<\/div>\n\t\t<div class=\"elementor-element elementor-element-e122a7d e-con-full e-flex e-con e-child\" data-id=\"e122a7d\" data-element_type=\"container\" data-e-type=\"container\">\n\t\t\t\t<div class=\"elementor-element elementor-element-3e5cb0f elementor-widget__width-initial elementor-widget elementor-widget-image\" data-id=\"3e5cb0f\" data-element_type=\"widget\" data-e-type=\"widget\" data-widget_type=\"image.default\">\n\t\t\t\t\t\t\t\t\t\t\t\t\t\t\t<img alt=\"\" decoding=\"async\" width=\"800\" height=\"534\" src=\"https:\/\/enamorojewels.hu\/wp-content\/uploads\/2026\/01\/ekszerek-montazs-2-1-1024x684.png\" class=\"attachment-large size-large wp-image-801\" srcset=\"https:\/\/enamorojewels.hu\/wp-content\/uploads\/2026\/01\/ekszerek-montazs-2-1-1024x684.png 1024w, https:\/\/enamorojewels.hu\/wp-content\/uploads\/2026\/01\/ekszerek-montazs-2-1-700x467.png 700w, https:\/\/enamorojewels.hu\/wp-content\/uploads\/2026\/01\/ekszerek-montazs-2-1-768x513.png 768w, https:\/\/enamorojewels.hu\/wp-content\/uploads\/2026\/01\/ekszerek-montazs-2-1.png 1080w\" sizes=\"(max-width: 800px) 100vw, 800px\" \/>\t\t\t\t\t\t\t\t\t\t\t\t\t\t\t<\/div>\n\t\t\t\t<\/div>\n\t\t\t\t\t<\/div>\n\t\t\t\t<\/div>\n\t\t<div class=\"elementor-element elementor-element-bf1f720 e-flex e-con-boxed e-con e-parent\" data-id=\"bf1f720\" data-element_type=\"container\" data-e-type=\"container\" data-settings=\"{&quot;background_background&quot;:&quot;classic&quot;}\">\n\t\t\t\t\t<div class=\"e-con-inner\">\n\t\t<div class=\"elementor-element elementor-element-dc1772f e-con-full e-flex e-con e-child\" data-id=\"dc1772f\" data-element_type=\"container\" data-e-type=\"container\">\n\t\t\t\t<div class=\"elementor-element elementor-element-82c66ab elementor-widget elementor-widget-heading\" data-id=\"82c66ab\" data-element_type=\"widget\" data-e-type=\"widget\" data-widget_type=\"heading.default\">\n\t\t\t\t\t<h2 class=\"elementor-heading-title elementor-size-default\">More Than Jewelry<\/h2>\t\t\t\t<\/div>\n\t\t<div class=\"elementor-element elementor-element-9149d88 e-con-full e-flex e-con e-child\" data-id=\"9149d88\" data-element_type=\"container\" data-e-type=\"container\">\n\t\t\t\t<div class=\"elementor-element elementor-element-67d3a06 elementor-widget__width-initial elementor-widget elementor-widget-text-editor\" data-id=\"67d3a06\" data-element_type=\"widget\" data-e-type=\"widget\" data-widget_type=\"text-editor.default\">\n\t\t\t\t\t\t\t\t\t<p data-start=\"1291\" data-end=\"1458\">As a creator, I believe jewelry is more than decoration. It\u2019s a form of self-expression that highlights your personality, gives you confidence, and carries a quiet, invisible strength.<\/p><p data-start=\"1460\" data-end=\"1637\">The purpose of Enamoro Jewels is not just for you to wear the pieces \u2014 but to feel that they were made for you.<\/p><p data-start=\"1460\" data-end=\"1637\">My goal is for everyone to find the piece that truly resonates with them.<\/p>\t\t\t\t\t\t\t\t<\/div>\n\t\t\t\t<div class=\"elementor-element elementor-element-6cf5772 elementor-widget__width-initial elementor-widget elementor-widget-text-editor\" data-id=\"6cf5772\" data-element_type=\"widget\" data-e-type=\"widget\" data-widget_type=\"text-editor.default\">\n\t\t\t\t\t\t\t\t\t<p data-start=\"1639\" data-end=\"1670\">With love:<br data-start=\"1662\" data-end=\"1665\" \/><em>Edina<\/em><\/p>\t\t\t\t\t\t\t\t<\/div>\n\t\t\t\t<\/div>\n\t\t\t\t<\/div>\n\t\t<div class=\"elementor-element elementor-element-2bff6e0 e-con-full e-flex e-con e-child\" data-id=\"2bff6e0\" data-element_type=\"container\" data-e-type=\"container\">\n\t\t\t\t<div class=\"elementor-element elementor-element-df8d404 elementor-widget__width-initial elementor-widget elementor-widget-image\" data-id=\"df8d404\" data-element_type=\"widget\" data-e-type=\"widget\" data-widget_type=\"image.default\">\n\t\t\t\t\t\t\t\t\t\t\t\t\t\t\t<img alt=\"\" decoding=\"async\" width=\"800\" height=\"534\" src=\"https:\/\/enamorojewels.hu\/wp-content\/uploads\/2026\/03\/enamoro-ekszerek-2-1024x684.png\" class=\"attachment-large size-large wp-image-2008\" srcset=\"https:\/\/enamorojewels.hu\/wp-content\/uploads\/2026\/03\/enamoro-ekszerek-2-1024x684.png 1024w, https:\/\/enamorojewels.hu\/wp-content\/uploads\/2026\/03\/enamoro-ekszerek-2-700x467.png 700w, https:\/\/enamorojewels.hu\/wp-content\/uploads\/2026\/03\/enamoro-ekszerek-2-768x513.png 768w, https:\/\/enamorojewels.hu\/wp-content\/uploads\/2026\/03\/enamoro-ekszerek-2-18x12.png 18w, https:\/\/enamorojewels.hu\/wp-content\/uploads\/2026\/03\/enamoro-ekszerek-2.png 1080w\" sizes=\"(max-width: 800px) 100vw, 800px\" \/>\t\t\t\t\t\t\t\t\t\t\t\t\t\t\t<\/div>\n\t\t\t\t<\/div>\n\t\t\t\t\t<\/div>\n\t\t\t\t<\/div>\n\t\t\t\t<\/div>","protected":false},"excerpt":{"rendered":"<p>A brand Az Enamoro Jewels \u00e9kszerek nem csup\u00e1n d\u00edszt\u00e1rgyak \u2013 t\u00f6rt\u00e9neteket hordoznak, \u00e9rz\u00e9seket k\u00f6zvet\u00edtenek, eml\u00e9keket id\u00e9znek. A c\u00e9lom, hogy minden v\u00e1s\u00e1rl\u00f3 \u00fagy\u00e9rezze: \u201eEz az \u00e9kszer r\u00f3lam sz\u00f3l.\u201d Kezdetek Amikor beleszerettem Az Enamoro Jewels egy olyan \u00e9kszerm\u00e1rka, amely a nev\u00e9hez h\u0171en azt a pillanatot ragadja meg, amikor valami ir\u00e1nt hirtelen m\u00e9ly \u00e9s \u00f6szt\u00f6n\u00f6s vonzalmat \u00e9rz\u00fcnk. \u2728 [&hellip;]<\/p>\n","protected":false},"author":1,"featured_media":0,"parent":0,"menu_order":0,"comment_status":"closed","ping_status":"closed","template":"","meta":{"_seopress_robots_primary_cat":"","_seopress_titles_title":"A brand - Enamoro jewels","_seopress_titles_desc":"Ismerd meg az Enamoro Jewels m\u00e1rk\u00e1t, ahol az egyedi tervez\u00e9s, az \u00e9desv\u00edzi igazgy\u00f6ngy\u00f6k \u00e9s a k\u00e9zzel k\u00e9sz\u00fclt \u00e9kszerek tal\u00e1lkoznak. Minden darab egy t\u00f6rt\u00e9netet mes\u00e9l el.","_seopress_robots_index":"","footnotes":""},"class_list":["post-788","page","type-page","status-publish","hentry"],"_links":{"self":[{"href":"https:\/\/enamorojewels.hu\/en\/wp-json\/wp\/v2\/pages\/788","targetHints":{"allow":["GET"]}}],"collection":[{"href":"https:\/\/enamorojewels.hu\/en\/wp-json\/wp\/v2\/pages"}],"about":[{"href":"https:\/\/enamorojewels.hu\/en\/wp-json\/wp\/v2\/types\/page"}],"author":[{"embeddable":true,"href":"https:\/\/enamorojewels.hu\/en\/wp-json\/wp\/v2\/users\/1"}],"replies":[{"embeddable":true,"href":"https:\/\/enamorojewels.hu\/en\/wp-json\/wp\/v2\/comments?post=788"}],"version-history":[{"count":0,"href":"https:\/\/enamorojewels.hu\/en\/wp-json\/wp\/v2\/pages\/788\/revisions"}],"wp:attachment":[{"href":"https:\/\/enamorojewels.hu\/en\/wp-json\/wp\/v2\/media?parent=788"}],"curies":[{"name":"wp","href":"https:\/\/api.w.org\/{rel}","templated":true}]}}